{"id":1992,"date":"2024-03-18T20:08:28","date_gmt":"2024-03-18T19:08:28","guid":{"rendered":"https:\/\/www.*frau-lowenzahn*.ch\/?page_id=1992"},"modified":"2024-03-28T17:46:01","modified_gmt":"2024-03-28T16:46:01","slug":"pflanzenportrait","status":"publish","type":"page","link":"https:\/\/www.frau-lowenzahn.ch\/?page_id=1992","title":{"rendered":"Pflanzenportrait"},"content":{"rendered":"\t\t<div data-elementor-type=\"wp-page\" data-elementor-id=\"1992\" class=\"elementor elementor-1992\">\n\t\t\t\t<div class=\"elementor-element elementor-element-1873778 e-flex e-con-boxed e-con e-parent\" data-id=\"1873778\" data-element_type=\"container\" data-settings=\"{&quot;background_background&quot;:&quot;classic&quot;}\" data-core-v316-plus=\"true\">\n\t\t\t\t\t<div class=\"e-con-inner\">\n\t\t<div class=\"elementor-element elementor-element-e7c99b9 e-flex e-con-boxed e-con e-child\" data-id=\"e7c99b9\" data-element_type=\"container\">\n\t\t\t\t\t<div class=\"e-con-inner\">\n\t\t\t\t<div class=\"elementor-element elementor-element-c1497c7 elementor-widget elementor-widget-heading\" data-id=\"c1497c7\" data-element_type=\"widget\" data-widget_type=\"heading.default\">\n\t\t\t\t<div class=\"elementor-widget-container\">\n\t\t\t<style>\/*! elementor - v3.20.0 - 20-03-2024 *\/\n.elementor-heading-title{padding:0;margin:0;line-height:1}.elementor-widget-heading .elementor-heading-title[class*=elementor-size-]>a{color:inherit;font-size:inherit;line-height:inherit}.elementor-widget-heading .elementor-heading-title.elementor-size-small{font-size:15px}.elementor-widget-heading .elementor-heading-title.elementor-size-medium{font-size:19px}.elementor-widget-heading .elementor-heading-title.elementor-size-large{font-size:29px}.elementor-widget-heading .elementor-heading-title.elementor-size-xl{font-size:39px}.elementor-widget-heading .elementor-heading-title.elementor-size-xxl{font-size:59px}<\/style><h1 class=\"elementor-heading-title elementor-size-default\">Pflanzenportrait<\/h1>\t\t<\/div>\n\t\t\t\t<\/div>\n\t\t\t\t\t<\/div>\n\t\t\t\t<\/div>\n\t\t\t\t\t<\/div>\n\t\t\t\t<\/div>\n\t\t<div class=\"elementor-element elementor-element-55147de e-flex e-con-boxed e-con e-parent\" data-id=\"55147de\" data-element_type=\"container\" data-core-v316-plus=\"true\">\n\t\t\t\t\t<div class=\"e-con-inner\">\n\t\t\t\t<div class=\"elementor-element elementor-element-ce3de7c elementor-widget elementor-widget-spacer\" data-id=\"ce3de7c\" data-element_type=\"widget\" data-widget_type=\"spacer.default\">\n\t\t\t\t<div class=\"elementor-widget-container\">\n\t\t\t<style>\/*! elementor - v3.20.0 - 20-03-2024 *\/\n.elementor-column .elementor-spacer-inner{height:var(--spacer-size)}.e-con{--container-widget-width:100%}.e-con-inner>.elementor-widget-spacer,.e-con>.elementor-widget-spacer{width:var(--container-widget-width,var(--spacer-size));--align-self:var(--container-widget-align-self,initial);--flex-shrink:0}.e-con-inner>.elementor-widget-spacer>.elementor-widget-container,.e-con>.elementor-widget-spacer>.elementor-widget-container{height:100%;width:100%}.e-con-inner>.elementor-widget-spacer>.elementor-widget-container>.elementor-spacer,.e-con>.elementor-widget-spacer>.elementor-widget-container>.elementor-spacer{height:100%}.e-con-inner>.elementor-widget-spacer>.elementor-widget-container>.elementor-spacer>.elementor-spacer-inner,.e-con>.elementor-widget-spacer>.elementor-widget-container>.elementor-spacer>.elementor-spacer-inner{height:var(--container-widget-height,var(--spacer-size))}.e-con-inner>.elementor-widget-spacer.elementor-widget-empty,.e-con>.elementor-widget-spacer.elementor-widget-empty{position:relative;min-height:22px;min-width:22px}.e-con-inner>.elementor-widget-spacer.elementor-widget-empty .elementor-widget-empty-icon,.e-con>.elementor-widget-spacer.elementor-widget-empty .elementor-widget-empty-icon{position:absolute;top:0;bottom:0;left:0;right:0;margin:auto;padding:0;width:22px;height:22px}<\/style>\t\t<div class=\"elementor-spacer\">\n\t\t\t<div class=\"elementor-spacer-inner\"><\/div>\n\t\t<\/div>\n\t\t\t\t<\/div>\n\t\t\t\t<\/div>\n\t\t\t\t\t<\/div>\n\t\t\t\t<\/div>\n\t\t<div class=\"elementor-element elementor-element-f33d104 e-flex e-con-boxed e-con e-parent\" data-id=\"f33d104\" data-element_type=\"container\" data-core-v316-plus=\"true\">\n\t\t\t\t\t<div class=\"e-con-inner\">\n\t\t\t\t<div class=\"elementor-element elementor-element-780b9ea elementor-widget elementor-widget-image\" data-id=\"780b9ea\" data-element_type=\"widget\" data-widget_type=\"image.default\">\n\t\t\t\t<div class=\"elementor-widget-container\">\n\t\t\t<style>\/*! elementor - v3.20.0 - 20-03-2024 *\/\n.elementor-widget-image{text-align:center}.elementor-widget-image a{display:inline-block}.elementor-widget-image a img[src$=\".svg\"]{width:48px}.elementor-widget-image img{vertical-align:middle;display:inline-block}<\/style>\t\t\t\t\t\t\t\t\t\t<img fetchpriority=\"high\" decoding=\"async\" width=\"720\" height=\"405\" src=\"https:\/\/www.frau-lowenzahn.ch\/wp-content\/uploads\/2024\/03\/Logo_Isa_weiss_NEU.jpg\" class=\"attachment-large size-large wp-image-2114\" alt=\"\" srcset=\"https:\/\/www.frau-lowenzahn.ch\/wp-content\/uploads\/2024\/03\/Logo_Isa_weiss_NEU.jpg 720w, https:\/\/www.frau-lowenzahn.ch\/wp-content\/uploads\/2024\/03\/Logo_Isa_weiss_NEU-300x169.jpg 300w\" sizes=\"(max-width: 720px) 100vw, 720px\" \/>\t\t\t\t\t\t\t\t\t\t\t\t\t<\/div>\n\t\t\t\t<\/div>\n\t\t\t\t\t<\/div>\n\t\t\t\t<\/div>\n\t\t<div class=\"elementor-element elementor-element-f62f058 e-flex e-con-boxed e-con e-parent\" data-id=\"f62f058\" data-element_type=\"container\" data-core-v316-plus=\"true\">\n\t\t\t\t\t<div class=\"e-con-inner\">\n\t\t\t\t<div class=\"elementor-element elementor-element-220005d elementor-widget elementor-widget-heading\" data-id=\"220005d\" data-element_type=\"widget\" data-widget_type=\"heading.default\">\n\t\t\t\t<div class=\"elementor-widget-container\">\n\t\t\t<h2 class=\"elementor-heading-title elementor-size-default\">L\u00f6wenzahn<\/h2>\t\t<\/div>\n\t\t\t\t<\/div>\n\t\t\t\t<div class=\"elementor-element elementor-element-d907b41 elementor-widget elementor-widget-text-editor\" data-id=\"d907b41\" data-element_type=\"widget\" data-widget_type=\"text-editor.default\">\n\t\t\t\t<div class=\"elementor-widget-container\">\n\t\t\t<style>\/*! elementor - v3.20.0 - 20-03-2024 *\/\n.elementor-widget-text-editor.elementor-drop-cap-view-stacked .elementor-drop-cap{background-color:#69727d;color:#fff}.elementor-widget-text-editor.elementor-drop-cap-view-framed .elementor-drop-cap{color:#69727d;border:3px solid;background-color:transparent}.elementor-widget-text-editor:not(.elementor-drop-cap-view-default) .elementor-drop-cap{margin-top:8px}.elementor-widget-text-editor:not(.elementor-drop-cap-view-default) .elementor-drop-cap-letter{width:1em;height:1em}.elementor-widget-text-editor .elementor-drop-cap{float:left;text-align:center;line-height:1;font-size:50px}.elementor-widget-text-editor .elementor-drop-cap-letter{display:inline-block}<\/style>\t\t\t\t<p>&#171;<i>Taraxacum&#187;<\/i><\/p>\t\t\t\t\t\t<\/div>\n\t\t\t\t<\/div>\n\t\t\t\t<div class=\"elementor-element elementor-element-6d1e312 elementor-widget elementor-widget-text-editor\" data-id=\"6d1e312\" data-element_type=\"widget\" data-widget_type=\"text-editor.default\">\n\t\t\t\t<div class=\"elementor-widget-container\">\n\t\t\t\t\t\t\t<p><strong>Hast du gewusst, dass &#8230;.<\/strong><\/p><p><strong>\u00a0<\/strong><\/p><p>&#8230; der L\u00f6wenzahn mehr als 500 Namen kennt<\/p><p>&#8230; er mehrj\u00e4hrig, sehr robust und v\u00f6llig frostfrei ist<\/p><p>&#8230; er auf allen Bodenarten und Standorten gedeiht<\/p><p>&#8230; der L\u00f6wenzahn Asphalt sprengen kann<\/p><p>&#8230; seine Wurzeln bis zu 2 Meter in die Erde reichen<\/p><p>&#8230; sich mehr als 78 Wildbienen-Arten auf ihm tummeln<\/p><p>&#8230; jede Bl\u00fcte 150 Samen produziert<\/p><p>&#8230; er uns mit Bitterstoffen f\u00fcr unseren Stoffwechsel versorgt<\/p><p>&#8230; der Vitamin C-Gehalt 9 x h\u00f6her ist als bei Pack-Salat<\/p><p>&#8230; der L\u00f6wenzahn 3 x so viel Eisen als Spinat enth\u00e4lt\u00a0<\/p><p>&#8230; er unsere Ausscheidungsorgane <em>Leber, Galle, Milz<\/em> anregt<\/p><p>\u00a0<\/p><h6><strong>Quelle:<\/strong> Bioterra M\u00e4rz 2024<\/h6><p><i>\u00a0<\/i><\/p><p><i>\u00a0<\/i><\/p>\t\t\t\t\t\t<\/div>\n\t\t\t\t<\/div>\n\t\t\t\t<div class=\"elementor-element elementor-element-8e6ab27 elementor-widget elementor-widget-image\" data-id=\"8e6ab27\" data-element_type=\"widget\" data-widget_type=\"image.default\">\n\t\t\t\t<div class=\"elementor-widget-container\">\n\t\t\t\t\t\t\t\t\t\t\t\t\t<img decoding=\"async\" width=\"815\" height=\"1024\" src=\"https:\/\/www.frau-lowenzahn.ch\/wp-content\/uploads\/2024\/03\/Loewenzahn_Portrait_2-815x1024.png\" class=\"attachment-large size-large wp-image-2686\" alt=\"\" srcset=\"https:\/\/www.frau-lowenzahn.ch\/wp-content\/uploads\/2024\/03\/Loewenzahn_Portrait_2-815x1024.png 815w, https:\/\/www.frau-lowenzahn.ch\/wp-content\/uploads\/2024\/03\/Loewenzahn_Portrait_2-239x300.png 239w, https:\/\/www.frau-lowenzahn.ch\/wp-content\/uploads\/2024\/03\/Loewenzahn_Portrait_2-768x964.png 768w, https:\/\/www.frau-lowenzahn.ch\/wp-content\/uploads\/2024\/03\/Loewenzahn_Portrait_2.png 1142w\" sizes=\"(max-width: 815px) 100vw, 815px\" \/>\t\t\t\t\t\t\t\t\t\t\t\t\t<\/div>\n\t\t\t\t<\/div>\n\t\t\t\t\t<\/div>\n\t\t\t\t<\/div>\n\t\t\t\t<\/div>\n\t\t","protected":false},"excerpt":{"rendered":"<p>Pflanzenportrait L\u00f6wenzahn &#171;Taraxacum&#187; Hast du gewusst, dass &#8230;. \u00a0 &#8230; der L\u00f6wenzahn mehr als 500 Namen kennt &#8230; er mehrj\u00e4hrig, sehr robust und v\u00f6llig frostfrei ist &#8230; er auf allen Bodenarten und Standorten gedeiht &#8230; der L\u00f6wenzahn Asphalt sprengen kann &#8230; seine Wurzeln bis zu 2 Meter in die Erde reichen &#8230; sich mehr als [&hellip;]<\/p>\n","protected":false},"author":1,"featured_media":0,"parent":0,"menu_order":5,"comment_status":"closed","ping_status":"closed","template":"","meta":{"site-sidebar-layout":"no-sidebar","site-content-layout":"page-builder","ast-site-content-layout":"full-width-container","site-content-style":"default","site-sidebar-style":"default","ast-global-header-display":"","ast-banner-title-visibility":"","ast-main-header-display":"","ast-hfb-above-header-display":"","ast-hfb-below-header-display":"","ast-hfb-mobile-header-display":"","site-post-title":"disabled","ast-breadcrumbs-content":"","ast-featured-img":"disabled","footer-sml-layout":"","theme-transparent-header-meta":"enabled","adv-header-id-meta":"","stick-header-meta":"","header-above-stick-meta":"","header-main-stick-meta":"","header-below-stick-meta":"","astra-migrate-meta-layouts":"set","ast-page-background-enabled":"default","ast-page-background-meta":{"desktop":{"background-color":"var(--ast-global-color-4)","background-image":"","background-repeat":"repeat","background-position":"center center","background-size":"auto","background-attachment":"scroll","background-type":"","background-media":"","overlay-type":"","overlay-color":"","overlay-gradient":""},"tablet":{"background-color":"","background-image":"","background-repeat":"repeat","background-position":"center center","background-size":"auto","background-attachment":"scroll","background-type":"","background-media":"","overlay-type":"","overlay-color":"","overlay-gradient":""},"mobile":{"background-color":"","background-image":"","background-repeat":"repeat","background-position":"center center","background-size":"auto","background-attachment":"scroll","background-type":"","background-media":"","overlay-type":"","overlay-color":"","overlay-gradient":""}},"ast-content-background-meta":{"desktop":{"background-color":"var(--ast-global-color-5)","background-image":"","background-repeat":"repeat","background-position":"center center","background-size":"auto","background-attachment":"scroll","background-type":"","background-media":"","overlay-type":"","overlay-color":"","overlay-gradient":""},"tablet":{"background-color":"var(--ast-global-color-5)","background-image":"","background-repeat":"repeat","background-position":"center center","background-size":"auto","background-attachment":"scroll","background-type":"","background-media":"","overlay-type":"","overlay-color":"","overlay-gradient":""},"mobile":{"background-color":"var(--ast-global-color-5)","background-image":"","background-repeat":"repeat","background-position":"center center","background-size":"auto","background-attachment":"scroll","background-type":"","background-media":"","overlay-type":"","overlay-color":"","overlay-gradient":""}},"footnotes":""},"class_list":["post-1992","page","type-page","status-publish","hentry"],"yoast_head":"<!-- This site is optimized with the Yoast SEO plugin v22.8 - https:\/\/yoast.com\/wordpress\/plugins\/seo\/ -->\n<title>Pflanzenportrait - Zusammen die Natur entdecken<\/title>\n<meta name=\"robots\" content=\"index, follow, max-snippet:-1, max-image-preview:large, max-video-preview:-1\" \/>\n<link rel=\"canonical\" href=\"https:\/\/www.frau-lowenzahn.ch\/?page_id=1992\" \/>\n<meta property=\"og:locale\" content=\"de_DE\" \/>\n<meta property=\"og:type\" content=\"article\" \/>\n<meta property=\"og:title\" content=\"Pflanzenportrait - Zusammen die Natur entdecken\" \/>\n<meta property=\"og:description\" content=\"Pflanzenportrait L\u00f6wenzahn &#171;Taraxacum&#187; Hast du gewusst, dass &#8230;. \u00a0 &#8230; der L\u00f6wenzahn mehr als 500 Namen kennt &#8230; er mehrj\u00e4hrig, sehr robust und v\u00f6llig frostfrei ist &#8230; er auf allen Bodenarten und Standorten gedeiht &#8230; der L\u00f6wenzahn Asphalt sprengen kann &#8230; seine Wurzeln bis zu 2 Meter in die Erde reichen &#8230; sich mehr als [&hellip;]\" \/>\n<meta property=\"og:url\" content=\"https:\/\/www.frau-lowenzahn.ch\/?page_id=1992\" \/>\n<meta property=\"og:site_name\" content=\"Zusammen die Natur entdecken\" \/>\n<meta property=\"article:modified_time\" content=\"2024-03-28T16:46:01+00:00\" \/>\n<meta property=\"og:image\" content=\"https:\/\/www.frau-lowenzahn.ch\/wp-content\/uploads\/2024\/03\/Logo_Isa_weiss_NEU.jpg\" \/>\n<meta name=\"twitter:card\" content=\"summary_large_image\" \/>\n<meta name=\"twitter:label1\" content=\"Gesch\u00e4tzte Lesezeit\" \/>\n\t<meta name=\"twitter:data1\" content=\"1\u00a0Minute\" \/>\n<script type=\"application\/ld+json\" class=\"yoast-schema-graph\">{\"@context\":\"https:\/\/schema.org\",\"@graph\":[{\"@type\":\"WebPage\",\"@id\":\"https:\/\/www.frau-lowenzahn.ch\/?page_id=1992\",\"url\":\"https:\/\/www.frau-lowenzahn.ch\/?page_id=1992\",\"name\":\"Pflanzenportrait - Zusammen die Natur entdecken\",\"isPartOf\":{\"@id\":\"https:\/\/www.frau-lowenzahn.ch\/#website\"},\"primaryImageOfPage\":{\"@id\":\"https:\/\/www.frau-lowenzahn.ch\/?page_id=1992#primaryimage\"},\"image\":{\"@id\":\"https:\/\/www.frau-lowenzahn.ch\/?page_id=1992#primaryimage\"},\"thumbnailUrl\":\"https:\/\/www.frau-lowenzahn.ch\/wp-content\/uploads\/2024\/03\/Logo_Isa_weiss_NEU.jpg\",\"datePublished\":\"2024-03-18T19:08:28+00:00\",\"dateModified\":\"2024-03-28T16:46:01+00:00\",\"breadcrumb\":{\"@id\":\"https:\/\/www.frau-lowenzahn.ch\/?page_id=1992#breadcrumb\"},\"inLanguage\":\"de-CH\",\"potentialAction\":[{\"@type\":\"ReadAction\",\"target\":[\"https:\/\/www.frau-lowenzahn.ch\/?page_id=1992\"]}]},{\"@type\":\"ImageObject\",\"inLanguage\":\"de-CH\",\"@id\":\"https:\/\/www.frau-lowenzahn.ch\/?page_id=1992#primaryimage\",\"url\":\"https:\/\/www.frau-lowenzahn.ch\/wp-content\/uploads\/2024\/03\/Logo_Isa_weiss_NEU.jpg\",\"contentUrl\":\"https:\/\/www.frau-lowenzahn.ch\/wp-content\/uploads\/2024\/03\/Logo_Isa_weiss_NEU.jpg\",\"width\":720,\"height\":405},{\"@type\":\"BreadcrumbList\",\"@id\":\"https:\/\/www.frau-lowenzahn.ch\/?page_id=1992#breadcrumb\",\"itemListElement\":[{\"@type\":\"ListItem\",\"position\":1,\"name\":\"Startseite\",\"item\":\"https:\/\/www.frau-lowenzahn.ch\/\"},{\"@type\":\"ListItem\",\"position\":2,\"name\":\"Pflanzenportrait\"}]},{\"@type\":\"WebSite\",\"@id\":\"https:\/\/www.frau-lowenzahn.ch\/#website\",\"url\":\"https:\/\/www.frau-lowenzahn.ch\/\",\"name\":\"Frau-L\u00f6wenzahn\",\"description\":\"Wildkr\u00e4uter-Workshops und Angebote\",\"publisher\":{\"@id\":\"https:\/\/www.frau-lowenzahn.ch\/#organization\"},\"potentialAction\":[{\"@type\":\"SearchAction\",\"target\":{\"@type\":\"EntryPoint\",\"urlTemplate\":\"https:\/\/www.frau-lowenzahn.ch\/?s={search_term_string}\"},\"query-input\":\"required name=search_term_string\"}],\"inLanguage\":\"de-CH\"},{\"@type\":\"Organization\",\"@id\":\"https:\/\/www.frau-lowenzahn.ch\/#organization\",\"name\":\"Frau L\u00f6wenzahn\",\"url\":\"https:\/\/www.frau-lowenzahn.ch\/\",\"logo\":{\"@type\":\"ImageObject\",\"inLanguage\":\"de-CH\",\"@id\":\"https:\/\/www.frau-lowenzahn.ch\/#\/schema\/logo\/image\/\",\"url\":\"https:\/\/www.frau-lowenzahn.ch\/wp-content\/uploads\/2024\/03\/fl_whitefill.png\",\"contentUrl\":\"https:\/\/www.frau-lowenzahn.ch\/wp-content\/uploads\/2024\/03\/fl_whitefill.png\",\"width\":389,\"height\":354,\"caption\":\"Frau L\u00f6wenzahn\"},\"image\":{\"@id\":\"https:\/\/www.frau-lowenzahn.ch\/#\/schema\/logo\/image\/\"},\"sameAs\":[\"https:\/\/www.instagram.com\/frau_loewenzahn_\/\"]}]}<\/script>\n<!-- \/ Yoast SEO plugin. -->","yoast_head_json":{"title":"Pflanzenportrait - Zusammen die Natur entdecken","robots":{"index":"index","follow":"follow","max-snippet":"max-snippet:-1","max-image-preview":"max-image-preview:large","max-video-preview":"max-video-preview:-1"},"canonical":"https:\/\/www.frau-lowenzahn.ch\/?page_id=1992","og_locale":"de_DE","og_type":"article","og_title":"Pflanzenportrait - Zusammen die Natur entdecken","og_description":"Pflanzenportrait L\u00f6wenzahn &#171;Taraxacum&#187; Hast du gewusst, dass &#8230;. \u00a0 &#8230; der L\u00f6wenzahn mehr als 500 Namen kennt &#8230; er mehrj\u00e4hrig, sehr robust und v\u00f6llig frostfrei ist &#8230; er auf allen Bodenarten und Standorten gedeiht &#8230; der L\u00f6wenzahn Asphalt sprengen kann &#8230; seine Wurzeln bis zu 2 Meter in die Erde reichen &#8230; sich mehr als [&hellip;]","og_url":"https:\/\/www.frau-lowenzahn.ch\/?page_id=1992","og_site_name":"Zusammen die Natur entdecken","article_modified_time":"2024-03-28T16:46:01+00:00","og_image":[{"url":"https:\/\/www.frau-lowenzahn.ch\/wp-content\/uploads\/2024\/03\/Logo_Isa_weiss_NEU.jpg"}],"twitter_card":"summary_large_image","twitter_misc":{"Gesch\u00e4tzte Lesezeit":"1\u00a0Minute"},"schema":{"@context":"https:\/\/schema.org","@graph":[{"@type":"WebPage","@id":"https:\/\/www.frau-lowenzahn.ch\/?page_id=1992","url":"https:\/\/www.frau-lowenzahn.ch\/?page_id=1992","name":"Pflanzenportrait - Zusammen die Natur entdecken","isPartOf":{"@id":"https:\/\/www.frau-lowenzahn.ch\/#website"},"primaryImageOfPage":{"@id":"https:\/\/www.frau-lowenzahn.ch\/?page_id=1992#primaryimage"},"image":{"@id":"https:\/\/www.frau-lowenzahn.ch\/?page_id=1992#primaryimage"},"thumbnailUrl":"https:\/\/www.frau-lowenzahn.ch\/wp-content\/uploads\/2024\/03\/Logo_Isa_weiss_NEU.jpg","datePublished":"2024-03-18T19:08:28+00:00","dateModified":"2024-03-28T16:46:01+00:00","breadcrumb":{"@id":"https:\/\/www.frau-lowenzahn.ch\/?page_id=1992#breadcrumb"},"inLanguage":"de-CH","potentialAction":[{"@type":"ReadAction","target":["https:\/\/www.frau-lowenzahn.ch\/?page_id=1992"]}]},{"@type":"ImageObject","inLanguage":"de-CH","@id":"https:\/\/www.frau-lowenzahn.ch\/?page_id=1992#primaryimage","url":"https:\/\/www.frau-lowenzahn.ch\/wp-content\/uploads\/2024\/03\/Logo_Isa_weiss_NEU.jpg","contentUrl":"https:\/\/www.frau-lowenzahn.ch\/wp-content\/uploads\/2024\/03\/Logo_Isa_weiss_NEU.jpg","width":720,"height":405},{"@type":"BreadcrumbList","@id":"https:\/\/www.frau-lowenzahn.ch\/?page_id=1992#breadcrumb","itemListElement":[{"@type":"ListItem","position":1,"name":"Startseite","item":"https:\/\/www.frau-lowenzahn.ch\/"},{"@type":"ListItem","position":2,"name":"Pflanzenportrait"}]},{"@type":"WebSite","@id":"https:\/\/www.frau-lowenzahn.ch\/#website","url":"https:\/\/www.frau-lowenzahn.ch\/","name":"Frau-L\u00f6wenzahn","description":"Wildkr\u00e4uter-Workshops und Angebote","publisher":{"@id":"https:\/\/www.frau-lowenzahn.ch\/#organization"},"potentialAction":[{"@type":"SearchAction","target":{"@type":"EntryPoint","urlTemplate":"https:\/\/www.frau-lowenzahn.ch\/?s={search_term_string}"},"query-input":"required name=search_term_string"}],"inLanguage":"de-CH"},{"@type":"Organization","@id":"https:\/\/www.frau-lowenzahn.ch\/#organization","name":"Frau L\u00f6wenzahn","url":"https:\/\/www.frau-lowenzahn.ch\/","logo":{"@type":"ImageObject","inLanguage":"de-CH","@id":"https:\/\/www.frau-lowenzahn.ch\/#\/schema\/logo\/image\/","url":"https:\/\/www.frau-lowenzahn.ch\/wp-content\/uploads\/2024\/03\/fl_whitefill.png","contentUrl":"https:\/\/www.frau-lowenzahn.ch\/wp-content\/uploads\/2024\/03\/fl_whitefill.png","width":389,"height":354,"caption":"Frau L\u00f6wenzahn"},"image":{"@id":"https:\/\/www.frau-lowenzahn.ch\/#\/schema\/logo\/image\/"},"sameAs":["https:\/\/www.instagram.com\/frau_loewenzahn_\/"]}]}},"_links":{"self":[{"href":"https:\/\/www.frau-lowenzahn.ch\/index.php?rest_route=\/wp\/v2\/pages\/1992","targetHints":{"allow":["GET"]}}],"collection":[{"href":"https:\/\/www.frau-lowenzahn.ch\/index.php?rest_route=\/wp\/v2\/pages"}],"about":[{"href":"https:\/\/www.frau-lowenzahn.ch\/index.php?rest_route=\/wp\/v2\/types\/page"}],"author":[{"embeddable":true,"href":"https:\/\/www.frau-lowenzahn.ch\/index.php?rest_route=\/wp\/v2\/users\/1"}],"replies":[{"embeddable":true,"href":"https:\/\/www.frau-lowenzahn.ch\/index.php?rest_route=%2Fwp%2Fv2%2Fcomments&post=1992"}],"version-history":[{"count":72,"href":"https:\/\/www.frau-lowenzahn.ch\/index.php?rest_route=\/wp\/v2\/pages\/1992\/revisions"}],"predecessor-version":[{"id":2701,"href":"https:\/\/www.frau-lowenzahn.ch\/index.php?rest_route=\/wp\/v2\/pages\/1992\/revisions\/2701"}],"wp:attachment":[{"href":"https:\/\/www.frau-lowenzahn.ch\/index.php?rest_route=%2Fwp%2Fv2%2Fmedia&parent=1992"}],"curies":[{"name":"wp","href":"https:\/\/api.w.org\/{rel}","templated":true}]}}